{"id":14,"date":"2025-10-11T09:45:57","date_gmt":"2025-10-11T09:45:57","guid":{"rendered":"https:\/\/kidsfolktales.com\/?page_id=14"},"modified":"2025-10-13T07:39:21","modified_gmt":"2025-10-13T07:39:21","slug":"upload-your-story","status":"publish","type":"page","link":"https:\/\/kidsfolktales.com\/tr\/upload-your-story\/","title":{"rendered":"Upload Your Story"},"content":{"rendered":"<div data-elementor-type=\"wp-page\" data-elementor-id=\"14\" class=\"elementor elementor-14\">\n\t\t\t\t<div class=\"elementor-element elementor-element-37e9493 e-flex e-con-boxed e-con e-parent\" data-id=\"37e9493\" data-element_type=\"container\">\n\t\t\t\t\t<div class=\"e-con-inner\">\n\t\t\t\t<div class=\"elementor-element elementor-element-587d2d9 elementor-widget elementor-widget-heading\" data-id=\"587d2d9\" data-element_type=\"widget\" data-widget_type=\"heading.default\">\n\t\t\t\t\t<h2 class=\"elementor-heading-title elementor-size-default\">Share Your Story with the World<\/h2>\t\t\t\t<\/div>\n\t\t\t\t\t<\/div>\n\t\t\t\t<\/div>\n\t\t<div class=\"elementor-element elementor-element-6c18631 e-flex e-con-boxed e-con e-parent\" data-id=\"6c18631\" data-element_type=\"container\">\n\t\t\t\t\t<div class=\"e-con-inner\">\n\t\t\t\t<div class=\"elementor-element elementor-element-1dd5446 elementor-widget elementor-widget-text-editor\" data-id=\"1dd5446\" data-element_type=\"widget\" data-widget_type=\"text-editor.default\">\n\t\t\t\t\t\t\t\t\t<blockquote data-start=\"829\" data-end=\"951\"><p data-start=\"831\" data-end=\"951\">\u201cSubmit your family stories to inspire the next generation. You can write your story directly or upload it as a file.\u201d<\/p><\/blockquote>\t\t\t\t\t\t\t\t<\/div>\n\t\t\t\t\t<\/div>\n\t\t\t\t<\/div>\n\t\t<div class=\"elementor-element elementor-element-3c3d99b e-flex e-con-boxed e-con e-parent\" data-id=\"3c3d99b\" data-element_type=\"container\">\n\t\t\t\t\t<div class=\"e-con-inner\">\n\t\t\t\t<div class=\"elementor-element elementor-element-e25712d elementor-widget elementor-widget-shortcode\" data-id=\"e25712d\" data-element_type=\"widget\" data-widget_type=\"shortcode.default\">\n\t\t\t\t\t\t\t<div class=\"elementor-shortcode\"><style id=\"wpforms-css-vars-91\">\n\t\t\t\t#wpforms-91 {\n\t\t\t\t--wpforms-container-padding: 0px;\n--wpforms-container-border-width: 1px;\n--wpforms-container-border-radius: 3px;\n--wpforms-background-color: rgba(0, 0, 0, 0);\n--wpforms-field-size-input-height: 43px;\n--wpforms-field-size-input-spacing: 15px;\n--wpforms-field-size-font-size: 16px;\n--wpforms-field-size-line-height: 19px;\n--wpforms-field-size-padding-h: 14px;\n--wpforms-field-size-checkbox-size: 16px;\n--wpforms-field-size-sublabel-spacing: 5px;\n--wpforms-field-size-icon-size: 1;\n--wpforms-label-size-font-size: 16px;\n--wpforms-label-size-line-height: 19px;\n--wpforms-label-size-sublabel-font-size: 14px;\n--wpforms-label-size-sublabel-line-height: 17px;\n--wpforms-button-size-font-size: 17px;\n--wpforms-button-size-height: 41px;\n--wpforms-button-size-padding-h: 15px;\n--wpforms-button-size-margin-top: 10px;\n--wpforms-container-shadow-size-box-shadow: none;\n\t\t\t}\n\t\t\t<\/style><div class=\"wpforms-container wpforms-container-full wpforms-render-modern\" id=\"wpforms-91\"><form id=\"wpforms-form-91\" class=\"wpforms-validate wpforms-form wpforms-ajax-form\" data-formid=\"91\" method=\"post\" enctype=\"multipart\/form-data\" action=\"\/tr\/wp-json\/wp\/v2\/pages\/14\" data-token=\"2e973bb9e1031b1aa199936d8caeb908\" data-token-time=\"1776410899\" data-trp-original-action=\"\/tr\/wp-json\/wp\/v2\/pages\/14\"><noscript class=\"wpforms-error-noscript\">Bu formu bitirebilmek i\u00e7in taray\u0131c\u0131n\u0131zda JavaScript&#039;i etkinle\u015ftirin.<\/noscript><div id=\"wpforms-error-noscript\" style=\"display: none;\">Bu formu bitirebilmek i\u00e7in taray\u0131c\u0131n\u0131zda JavaScript&#039;i etkinle\u015ftirin.<\/div><div class=\"wpforms-field-container\">\t\t<div id=\"wpforms-91-field_6-container\"\n\t\t\tclass=\"wpforms-field wpforms-field-text\"\n\t\t\tdata-field-type=\"text\"\n\t\t\tdata-field-id=\"6\"\n\t\t\t>\n\t\t\t<label class=\"wpforms-field-label\" for=\"wpforms-91-field_6\" >story I published<\/label>\n\t\t\t<input type=\"text\" id=\"wpforms-91-field_6\" class=\"wpforms-field-medium\" name=\"wpforms[fields][6]\" >\n\t\t<\/div>\n\t\t<div id=\"wpforms-91-field_1-container\" class=\"wpforms-field wpforms-field-name\" data-field-id=\"1\"><fieldset><legend class=\"wpforms-field-label\">Name <span class=\"wpforms-required-label\" aria-hidden=\"true\">*<\/span><\/legend><div class=\"wpforms-field-row wpforms-field-medium\"><div class=\"wpforms-field-row-block wpforms-first wpforms-one-half\"><input type=\"text\" id=\"wpforms-91-field_1\" class=\"wpforms-field-name-first wpforms-field-required\" name=\"wpforms[fields][1][first]\" aria-errormessage=\"wpforms-91-field_1-error\" required><label for=\"wpforms-91-field_1\" class=\"wpforms-field-sublabel after\">Ad<\/label><\/div><div class=\"wpforms-field-row-block wpforms-one-half\"><input type=\"text\" id=\"wpforms-91-field_1-last\" class=\"wpforms-field-name-last wpforms-field-required\" name=\"wpforms[fields][1][last]\" aria-errormessage=\"wpforms-91-field_1-last-error\" required><label for=\"wpforms-91-field_1-last\" class=\"wpforms-field-sublabel after\">Soyad<\/label><\/div><\/div><\/fieldset><\/div><div id=\"wpforms-91-field_2-container\" class=\"wpforms-field wpforms-field-email\" data-field-id=\"2\"><label class=\"wpforms-field-label\" for=\"wpforms-91-field_2\">Email <span class=\"wpforms-required-label\" aria-hidden=\"true\">*<\/span><\/label><input type=\"email\" id=\"wpforms-91-field_2\" class=\"wpforms-field-medium wpforms-field-required\" name=\"wpforms[fields][2]\" spellcheck=\"false\" aria-errormessage=\"wpforms-91-field_2-error\" required><\/div><div id=\"wpforms-91-field_3-container\" class=\"wpforms-field wpforms-field-text\" data-field-id=\"3\"><label class=\"wpforms-field-label\" for=\"wpforms-91-field_3\">Story Title<\/label><input type=\"text\" id=\"wpforms-91-field_3\" class=\"wpforms-field-medium\" name=\"wpforms[fields][3]\" aria-errormessage=\"wpforms-91-field_3-error\" ><\/div><div id=\"wpforms-91-field_4-container\" class=\"wpforms-field wpforms-field-textarea\" data-field-id=\"4\"><label class=\"wpforms-field-label\" for=\"wpforms-91-field_4\">Story Text<\/label><textarea id=\"wpforms-91-field_4\" class=\"wpforms-field-medium\" name=\"wpforms[fields][4]\" aria-errormessage=\"wpforms-91-field_4-error\" ><\/textarea><\/div><div id=\"wpforms-91-field_5-container\" class=\"wpforms-field wpforms-field-checkbox\" data-field-id=\"5\"><fieldset><legend class=\"wpforms-field-label\">I agree my story may be published on KidsFolktales.com <span class=\"wpforms-required-label\" aria-hidden=\"true\">*<\/span><\/legend><ul id=\"wpforms-91-field_5\" class=\"wpforms-field-required\"><li class=\"choice-1 depth-1\"><input type=\"checkbox\" id=\"wpforms-91-field_5_1\" name=\"wpforms[fields][5][]\" value=\"I agree\" aria-errormessage=\"wpforms-91-field_5_1-error\" required><label class=\"wpforms-field-label-inline\" for=\"wpforms-91-field_5_1\">I agree<\/label><\/li><\/ul><\/fieldset><\/div><script>\n\t\t\t\t( function() {\n\t\t\t\t\tconst style = document.createElement( 'style' );\n\t\t\t\t\tstyle.appendChild( document.createTextNode( '#wpforms-91-field_6-container { position: absolute !important; overflow: hidden !important; display: inline !important; height: 1px !important; width: 1px !important; z-index: -1000 !important; padding: 0 !important; } #wpforms-91-field_6-container input { visibility: hidden; } #wpforms-conversational-form-page #wpforms-91-field_6-container label { counter-increment: none; }' ) );\n\t\t\t\t\tdocument.head.appendChild( style );\n\t\t\t\t\tdocument.currentScript?.remove();\n\t\t\t\t} )();\n\t\t\t<\/script><\/div><!-- .wpforms-field-container --><div class=\"wpforms-submit-container\" ><input type=\"hidden\" name=\"wpforms[id]\" value=\"91\"><input type=\"hidden\" name=\"page_title\" value=\"\"><input type=\"hidden\" name=\"page_url\" value=\"https:\/\/kidsfolktales.com\/tr\/wp-json\/wp\/v2\/pages\/14\"><input type=\"hidden\" name=\"url_referer\" value=\"\"><button type=\"submit\" name=\"wpforms[submit]\" id=\"wpforms-submit-91\" class=\"wpforms-submit\" data-alt-text=\"Sending...\" data-submit-text=\"Submit\" aria-live=\"assertive\" value=\"wpforms-submit\">Submit<\/button><img decoding=\"async\" src=\"https:\/\/kidsfolktales.com\/wp-content\/plugins\/wpforms-lite\/assets\/images\/submit-spin.svg\" class=\"wpforms-submit-spinner\" style=\"display: none;\" width=\"26\" height=\"26\" alt=\"Y\u00fckleniyor\"><\/div><input type=\"hidden\" name=\"trp-form-language\" value=\"tr\"\/><\/form><\/div>  <!-- .wpforms-container --><\/div>\n\t\t\t\t\t\t<\/div>\n\t\t\t\t\t<\/div>\n\t\t\t\t<\/div>\n\t\t<div class=\"elementor-element elementor-element-df5ce03 e-flex e-con-boxed e-con e-parent\" data-id=\"df5ce03\" data-element_type=\"container\">\n\t\t\t\t\t<div class=\"e-con-inner\">\n\t\t\t\t<div class=\"elementor-element elementor-element-132ea64 elementor-align-center elementor-widget elementor-widget-button\" data-id=\"132ea64\" data-element_type=\"widget\" data-widget_type=\"button.default\">\n\t\t\t\t\t\t\t\t\t\t<a class=\"elementor-button elementor-button-link elementor-size-sm\" href=\"https:\/\/docs.google.com\/forms\/d\/e\/1FAIpQLSezZRIs8UnWIQWdCI41bSFkH-2KW5eNvcPLZo0SZg06hvFvOw\/viewform?usp=header\">\n\t\t\t\t\t\t<span class=\"elementor-button-content-wrapper\">\n\t\t\t\t\t\t\t\t\t<span class=\"elementor-button-text\">Upload Files or Recordings (If you have for your story)<\/span>\n\t\t\t\t\t<\/span>\n\t\t\t\t\t<\/a>\n\t\t\t\t\t\t\t\t<\/div>\n\t\t\t\t\t<\/div>\n\t\t\t\t<\/div>\n\t\t\t\t<\/div>","protected":false},"excerpt":{"rendered":"<p>Share Your Story with the World \u201cSubmit your family stories to inspire the next generation. You can write your story [&hellip;]<\/p>","protected":false},"author":1,"featured_media":0,"parent":0,"menu_order":0,"comment_status":"closed","ping_status":"closed","template":"","meta":{"_eb_attr":"","site-sidebar-layout":"no-sidebar","site-content-layout":"","ast-site-content-layout":"full-width-container","site-content-style":"default","site-sidebar-style":"default","ast-global-header-display":"","ast-banner-title-visibility":"","ast-main-header-display":"","ast-hfb-above-header-display":"","ast-hfb-below-header-display":"","ast-hfb-mobile-header-display":"","site-post-title":"disabled","ast-breadcrumbs-content":"","ast-featured-img":"disabled","footer-sml-layout":"","theme-transparent-header-meta":"","adv-header-id-meta":"","stick-header-meta":"","header-above-stick-meta":"","header-main-stick-meta":"","header-below-stick-meta":"","astra-migrate-meta-layouts":"default","ast-page-background-enabled":"default","ast-page-background-meta":{"desktop":{"background-color":"var(--ast-global-color-5)","background-image":"","background-repeat":"repeat","background-position":"center center","background-size":"auto","background-attachment":"scroll","background-type":"","background-media":"","overlay-type":"","overlay-color":"","overlay-opacity":"","overlay-gradient":""},"tablet":{"background-color":"","background-image":"","background-repeat":"repeat","background-position":"center center","background-size":"auto","background-attachment":"scroll","background-type":"","background-media":"","overlay-type":"","overlay-color":"","overlay-opacity":"","overlay-gradient":""},"mobile":{"background-color":"","background-image":"","background-repeat":"repeat","background-position":"center center","background-size":"auto","background-attachment":"scroll","background-type":"","background-media":"","overlay-type":"","overlay-color":"","overlay-opacity":"","overlay-gradient":""}},"ast-content-background-meta":{"desktop":{"background-color":"var(--ast-global-color-4)","background-image":"","background-repeat":"repeat","background-position":"center center","background-size":"auto","background-attachment":"scroll","background-type":"","background-media":"","overlay-type":"","overlay-color":"","overlay-opacity":"","overlay-gradient":""},"tablet":{"background-color":"var(--ast-global-color-4)","background-image":"","background-repeat":"repeat","background-position":"center center","background-size":"auto","background-attachment":"scroll","background-type":"","background-media":"","overlay-type":"","overlay-color":"","overlay-opacity":"","overlay-gradient":""},"mobile":{"background-color":"var(--ast-global-color-4)","background-image":"","background-repeat":"repeat","background-position":"center center","background-size":"auto","background-attachment":"scroll","background-type":"","background-media":"","overlay-type":"","overlay-color":"","overlay-opacity":"","overlay-gradient":""}},"footnotes":""},"class_list":["post-14","page","type-page","status-publish","hentry"],"aioseo_notices":[],"yoast_head":"<!-- This site is optimized with the Yoast SEO plugin v26.1.1 - https:\/\/yoast.com\/wordpress\/plugins\/seo\/ -->\n<title>Upload Your Story -<\/title>\n<meta name=\"robots\" content=\"index, follow, max-snippet:-1, max-image-preview:large, max-video-preview:-1\" \/>\n<link rel=\"canonical\" href=\"https:\/\/kidsfolktales.com\/tr\/upload-your-story\/\" \/>\n<meta property=\"og:locale\" content=\"tr_TR\" \/>\n<meta property=\"og:type\" content=\"article\" \/>\n<meta property=\"og:title\" content=\"Upload Your Story -\" \/>\n<meta property=\"og:description\" content=\"Share Your Story with the World \u201cSubmit your family stories to inspire the next generation. You can write your story [&hellip;]\" \/>\n<meta property=\"og:url\" content=\"https:\/\/kidsfolktales.com\/tr\/upload-your-story\/\" \/>\n<meta property=\"article:modified_time\" content=\"2025-10-13T07:39:21+00:00\" \/>\n<meta property=\"og:image\" content=\"https:\/\/kidsfolktales.com\/wp-content\/uploads\/2025\/10\/GrandFolktales-1-e1760260280226.webp\" \/>\n\t<meta property=\"og:image:width\" content=\"865\" \/>\n\t<meta property=\"og:image:height\" content=\"850\" \/>\n\t<meta property=\"og:image:type\" content=\"image\/png\" \/>\n<meta name=\"twitter:card\" content=\"summary_large_image\" \/>\n<meta name=\"twitter:label1\" content=\"Tahmini okuma s\u00fcresi\" \/>\n\t<meta name=\"twitter:data1\" content=\"1 dakika\" \/>\n<script type=\"application\/ld+json\" class=\"yoast-schema-graph\">{\"@context\":\"https:\/\/schema.org\",\"@graph\":[{\"@type\":\"WebPage\",\"@id\":\"https:\/\/kidsfolktales.com\/upload-your-story\/\",\"url\":\"https:\/\/kidsfolktales.com\/upload-your-story\/\",\"name\":\"Upload Your Story -\",\"isPartOf\":{\"@id\":\"https:\/\/kidsfolktales.com\/#website\"},\"datePublished\":\"2025-10-11T09:45:57+00:00\",\"dateModified\":\"2025-10-13T07:39:21+00:00\",\"breadcrumb\":{\"@id\":\"https:\/\/kidsfolktales.com\/upload-your-story\/#breadcrumb\"},\"inLanguage\":\"tr\",\"potentialAction\":[{\"@type\":\"ReadAction\",\"target\":[\"https:\/\/kidsfolktales.com\/upload-your-story\/\"]}]},{\"@type\":\"BreadcrumbList\",\"@id\":\"https:\/\/kidsfolktales.com\/upload-your-story\/#breadcrumb\",\"itemListElement\":[{\"@type\":\"ListItem\",\"position\":1,\"name\":\"Home\",\"item\":\"https:\/\/kidsfolktales.com\/\"},{\"@type\":\"ListItem\",\"position\":2,\"name\":\"Upload Your Story\"}]},{\"@type\":\"WebSite\",\"@id\":\"https:\/\/kidsfolktales.com\/#website\",\"url\":\"https:\/\/kidsfolktales.com\/\",\"name\":\"\",\"description\":\"Folktales and Storytelling for Kids \u2014 Where Culture Meets Imagination\",\"publisher\":{\"@id\":\"https:\/\/kidsfolktales.com\/#organization\"},\"alternateName\":\"KidsFolktales\",\"potentialAction\":[{\"@type\":\"SearchAction\",\"target\":{\"@type\":\"EntryPoint\",\"urlTemplate\":\"https:\/\/kidsfolktales.com\/?s={search_term_string}\"},\"query-input\":{\"@type\":\"PropertyValueSpecification\",\"valueRequired\":true,\"valueName\":\"search_term_string\"}}],\"inLanguage\":\"tr\"},{\"@type\":\"Organization\",\"@id\":\"https:\/\/kidsfolktales.com\/#organization\",\"name\":\"KidsFolkTales\",\"alternateName\":\"KidsNestGrow\",\"url\":\"https:\/\/kidsfolktales.com\/\",\"logo\":{\"@type\":\"ImageObject\",\"inLanguage\":\"tr\",\"@id\":\"https:\/\/kidsfolktales.com\/#\/schema\/logo\/image\/\",\"url\":\"https:\/\/kidsfolktales.com\/wp-content\/uploads\/2025\/10\/GrandFolktales.webp\",\"contentUrl\":\"https:\/\/kidsfolktales.com\/wp-content\/uploads\/2025\/10\/GrandFolktales.webp\",\"width\":1536,\"height\":1024,\"caption\":\"KidsFolkTales\"},\"image\":{\"@id\":\"https:\/\/kidsfolktales.com\/#\/schema\/logo\/image\/\"}}]}<\/script>\n<!-- \/ Yoast SEO plugin. -->","yoast_head_json":{"title":"Upload Your Story -","robots":{"index":"index","follow":"follow","max-snippet":"max-snippet:-1","max-image-preview":"max-image-preview:large","max-video-preview":"max-video-preview:-1"},"canonical":"https:\/\/kidsfolktales.com\/tr\/upload-your-story\/","og_locale":"tr_TR","og_type":"article","og_title":"Upload Your Story -","og_description":"Share Your Story with the World \u201cSubmit your family stories to inspire the next generation. You can write your story [&hellip;]","og_url":"https:\/\/kidsfolktales.com\/tr\/upload-your-story\/","article_modified_time":"2025-10-13T07:39:21+00:00","og_image":[{"width":865,"height":850,"url":"https:\/\/kidsfolktales.com\/wp-content\/uploads\/2025\/10\/GrandFolktales-1-e1760260280226.webp","type":"image\/png"}],"twitter_card":"summary_large_image","twitter_misc":{"Tahmini okuma s\u00fcresi":"1 dakika"},"schema":{"@context":"https:\/\/schema.org","@graph":[{"@type":"WebPage","@id":"https:\/\/kidsfolktales.com\/upload-your-story\/","url":"https:\/\/kidsfolktales.com\/upload-your-story\/","name":"Upload Your Story -","isPartOf":{"@id":"https:\/\/kidsfolktales.com\/#website"},"datePublished":"2025-10-11T09:45:57+00:00","dateModified":"2025-10-13T07:39:21+00:00","breadcrumb":{"@id":"https:\/\/kidsfolktales.com\/upload-your-story\/#breadcrumb"},"inLanguage":"tr","potentialAction":[{"@type":"ReadAction","target":["https:\/\/kidsfolktales.com\/upload-your-story\/"]}]},{"@type":"BreadcrumbList","@id":"https:\/\/kidsfolktales.com\/upload-your-story\/#breadcrumb","itemListElement":[{"@type":"ListItem","position":1,"name":"Home","item":"https:\/\/kidsfolktales.com\/"},{"@type":"ListItem","position":2,"name":"Upload Your Story"}]},{"@type":"WebSite","@id":"https:\/\/kidsfolktales.com\/#website","url":"https:\/\/kidsfolktales.com\/","name":"","description":"Folktales and Storytelling for Kids \u2014 Where Culture Meets Imagination","publisher":{"@id":"https:\/\/kidsfolktales.com\/#organization"},"alternateName":"KidsFolktales","potentialAction":[{"@type":"SearchAction","target":{"@type":"EntryPoint","urlTemplate":"https:\/\/kidsfolktales.com\/?s={search_term_string}"},"query-input":{"@type":"PropertyValueSpecification","valueRequired":true,"valueName":"search_term_string"}}],"inLanguage":"tr"},{"@type":"Organization","@id":"https:\/\/kidsfolktales.com\/#organization","name":"KidsFolkTales","alternateName":"KidsNestGrow","url":"https:\/\/kidsfolktales.com\/","logo":{"@type":"ImageObject","inLanguage":"tr","@id":"https:\/\/kidsfolktales.com\/#\/schema\/logo\/image\/","url":"https:\/\/kidsfolktales.com\/wp-content\/uploads\/2025\/10\/GrandFolktales.webp","contentUrl":"https:\/\/kidsfolktales.com\/wp-content\/uploads\/2025\/10\/GrandFolktales.webp","width":1536,"height":1024,"caption":"KidsFolkTales"},"image":{"@id":"https:\/\/kidsfolktales.com\/#\/schema\/logo\/image\/"}}]}},"_hostinger_reach_plugin_has_subscription_block":false,"_hostinger_reach_plugin_is_elementor":false,"_links":{"self":[{"href":"https:\/\/kidsfolktales.com\/tr\/wp-json\/wp\/v2\/pages\/14","targetHints":{"allow":["GET"]}}],"collection":[{"href":"https:\/\/kidsfolktales.com\/tr\/wp-json\/wp\/v2\/pages"}],"about":[{"href":"https:\/\/kidsfolktales.com\/tr\/wp-json\/wp\/v2\/types\/page"}],"author":[{"embeddable":true,"href":"https:\/\/kidsfolktales.com\/tr\/wp-json\/wp\/v2\/users\/1"}],"replies":[{"embeddable":true,"href":"https:\/\/kidsfolktales.com\/tr\/wp-json\/wp\/v2\/comments?post=14"}],"version-history":[{"count":8,"href":"https:\/\/kidsfolktales.com\/tr\/wp-json\/wp\/v2\/pages\/14\/revisions"}],"predecessor-version":[{"id":100,"href":"https:\/\/kidsfolktales.com\/tr\/wp-json\/wp\/v2\/pages\/14\/revisions\/100"}],"wp:attachment":[{"href":"https:\/\/kidsfolktales.com\/tr\/wp-json\/wp\/v2\/media?parent=14"}],"curies":[{"name":"wp","href":"https:\/\/api.w.org\/{rel}","templated":true}]}}